{"id":13,"date":"2024-02-14T15:06:01","date_gmt":"2024-02-14T18:06:01","guid":{"rendered":"https:\/\/orbitaeducacao.com.br\/?page_id=13"},"modified":"2024-02-14T15:46:32","modified_gmt":"2024-02-14T18:46:32","slug":"obrita-educacao-inovacao-em-curso","status":"publish","type":"page","link":"https:\/\/orbitaeducacao.com.br\/","title":{"rendered":"Obrita Educa\u00e7\u00e3o &#8211; Inova\u00e7\u00e3o em Curso"},"content":{"rendered":"\t\t<div data-elementor-type=\"wp-page\" data-elementor-id=\"13\" class=\"elementor elementor-13\" data-elementor-post-type=\"page\">\n\t\t\t\t<div class=\"elementor-element elementor-element-09d9ea2 e-flex e-con-boxed e-con e-parent\" data-id=\"09d9ea2\" data-element_type=\"container\" data-e-type=\"container\">\n\t\t\t\t\t<div class=\"e-con-inner\">\n\t\t\t\t<div class=\"elementor-element elementor-element-5bacd98 elementor-widget elementor-widget-image\" data-id=\"5bacd98\" data-element_type=\"widget\" data-e-type=\"widget\" data-widget_type=\"image.default\">\n\t\t\t\t<div class=\"elementor-widget-container\">\n\t\t\t\t\t\t\t\t\t\t\t\t\t\t\t<img fetchpriority=\"high\" decoding=\"async\" width=\"885\" height=\"590\" src=\"https:\/\/orbitaeducacao.com.br\/wp-content\/uploads\/2024\/02\/orbita-logo.webp\" class=\"attachment-full size-full wp-image-10\" alt=\"\" srcset=\"https:\/\/orbitaeducacao.com.br\/wp-content\/uploads\/2024\/02\/orbita-logo.webp 885w, https:\/\/orbitaeducacao.com.br\/wp-content\/uploads\/2024\/02\/orbita-logo-300x200.webp 300w, https:\/\/orbitaeducacao.com.br\/wp-content\/uploads\/2024\/02\/orbita-logo-768x512.webp 768w\" sizes=\"(max-width: 885px) 100vw, 885px\" \/>\t\t\t\t\t\t\t\t\t\t\t\t\t\t\t<\/div>\n\t\t\t\t<\/div>\n\t\t\t\t\t<\/div>\n\t\t\t\t<\/div>\n\t\t<div class=\"elementor-element elementor-element-7fb6f7f e-flex e-con-boxed e-con e-parent\" data-id=\"7fb6f7f\" data-element_type=\"container\" data-e-type=\"container\">\n\t\t\t\t\t<div class=\"e-con-inner\">\n\t\t\t\t<div class=\"elementor-element elementor-element-ddb7c17 elementor-widget elementor-widget-heading\" data-id=\"ddb7c17\" data-element_type=\"widget\" data-e-type=\"widget\" data-widget_type=\"heading.default\">\n\t\t\t\t<div class=\"elementor-widget-container\">\n\t\t\t\t\t<h2 class=\"elementor-heading-title elementor-size-default\">Entre em contato conosco!<\/h2>\t\t\t\t<\/div>\n\t\t\t\t<\/div>\n\t\t\t\t<div class=\"elementor-element elementor-element-012da85 elementor-button-align-stretch elementor-widget elementor-widget-form\" data-id=\"012da85\" data-element_type=\"widget\" data-e-type=\"widget\" data-settings=\"{&quot;step_next_label&quot;:&quot;Next&quot;,&quot;step_previous_label&quot;:&quot;Previous&quot;,&quot;button_width&quot;:&quot;100&quot;,&quot;step_type&quot;:&quot;number_text&quot;,&quot;step_icon_shape&quot;:&quot;circle&quot;}\" data-widget_type=\"form.default\">\n\t\t\t\t<div class=\"elementor-widget-container\">\n\t\t\t\t\t\t\t<form class=\"elementor-form\" method=\"post\" name=\"Form de Captura\">\n\t\t\t<input type=\"hidden\" name=\"post_id\" value=\"13\"\/>\n\t\t\t<input type=\"hidden\" name=\"form_id\" value=\"012da85\"\/>\n\t\t\t<input type=\"hidden\" name=\"referer_title\" value=\"Orbita Educa\u00e7\u00e3o\" \/>\n\n\t\t\t\n\t\t\t<div class=\"elementor-form-fields-wrapper elementor-labels-\">\n\t\t\t\t\t\t\t\t<div class=\"elementor-field-type-text elementor-field-group elementor-column elementor-field-group-name elementor-col-100 elementor-field-required\">\n\t\t\t\t\t\t\t\t\t\t\t\t<label for=\"form-field-name\" class=\"elementor-field-label elementor-screen-only\">\n\t\t\t\t\t\t\t\tNome Completo\t\t\t\t\t\t\t<\/label>\n\t\t\t\t\t\t\t\t\t\t\t\t\t\t<input size=\"1\" type=\"text\" name=\"form_fields[name]\" id=\"form-field-name\" class=\"elementor-field elementor-size-sm  elementor-field-textual\" placeholder=\"Nome Completo\" required=\"required\" aria-required=\"true\">\n\t\t\t\t\t\t\t\t\t\t\t<\/div>\n\t\t\t\t\t\t\t\t<div class=\"elementor-field-type-email elementor-field-group elementor-column elementor-field-group-email elementor-col-100 elementor-field-required\">\n\t\t\t\t\t\t\t\t\t\t\t\t<label for=\"form-field-email\" class=\"elementor-field-label elementor-screen-only\">\n\t\t\t\t\t\t\t\tEmail\t\t\t\t\t\t\t<\/label>\n\t\t\t\t\t\t\t\t\t\t\t\t\t\t<input size=\"1\" type=\"email\" name=\"form_fields[email]\" id=\"form-field-email\" class=\"elementor-field elementor-size-sm  elementor-field-textual\" placeholder=\"Seu melhor e-mail\" required=\"required\" aria-required=\"true\">\n\t\t\t\t\t\t\t\t\t\t\t<\/div>\n\t\t\t\t\t\t\t\t<div class=\"elementor-field-type-tel elementor-field-group elementor-column elementor-field-group-field_df7fee0 elementor-col-100\">\n\t\t\t\t\t\t\t\t\t\t\t\t<label for=\"form-field-field_df7fee0\" class=\"elementor-field-label elementor-screen-only\">\n\t\t\t\t\t\t\t\tWhatsApp\t\t\t\t\t\t\t<\/label>\n\t\t\t\t\t\t\t\t<input size=\"1\" type=\"tel\" name=\"form_fields[field_df7fee0]\" id=\"form-field-field_df7fee0\" class=\"elementor-field elementor-size-sm  elementor-field-textual\" placeholder=\"Seu WhatsApp\" pattern=\"[0-9()#&amp;+*-=.]+\" title=\"Only numbers and phone characters (#, -, *, etc) are accepted.\">\n\n\t\t\t\t\t\t<\/div>\n\t\t\t\t\t\t\t\t<div class=\"elementor-field-group elementor-column elementor-field-type-submit elementor-col-100 e-form__buttons\">\n\t\t\t\t\t<button type=\"submit\" class=\"elementor-button elementor-size-sm\">\n\t\t\t\t\t\t<span >\n\t\t\t\t\t\t\t\t\t\t\t\t\t\t\t<span class=\" elementor-button-icon\">\n\t\t\t\t\t\t\t\t\t\t\t\t\t\t\t\t\t\t\t\t\t\t\t\t\t\t<\/span>\n\t\t\t\t\t\t\t\t\t\t\t\t\t\t\t\t\t\t\t\t\t\t<span class=\"elementor-button-text\">Inscrever-se<\/span>\n\t\t\t\t\t\t\t\t\t\t\t\t\t<\/span>\n\t\t\t\t\t<\/button>\n\t\t\t\t<\/div>\n\t\t\t<\/div>\n\t\t<\/form>\n\t\t\t\t\t\t<\/div>\n\t\t\t\t<\/div>\n\t\t\t\t\t<\/div>\n\t\t\t\t<\/div>\n\t\t\t\t<\/div>\n\t\t","protected":false},"excerpt":{"rendered":"<p>Entre em contato conosco!<\/p>\n","protected":false},"author":1,"featured_media":0,"parent":0,"menu_order":0,"comment_status":"closed","ping_status":"closed","template":"elementor_canvas","meta":{"footnotes":""},"class_list":["post-13","page","type-page","status-publish","hentry"],"yoast_head":"<!-- This site is optimized with the Yoast SEO plugin v27.3 - https:\/\/yoast.com\/product\/yoast-seo-wordpress\/ -->\n<title>Orbita Educa\u00e7\u00e3o - Inova\u00e7\u00e3o em Curso<\/title>\n<meta name=\"robots\" content=\"noindex, follow, max-snippet:-1, max-image-preview:large, max-video-preview:-1\" \/>\n<meta property=\"og:locale\" content=\"pt_BR\" \/>\n<meta property=\"og:type\" content=\"article\" \/>\n<meta property=\"og:title\" content=\"Orbita Educa\u00e7\u00e3o - Inova\u00e7\u00e3o em Curso\" \/>\n<meta property=\"og:description\" content=\"Entre em contato conosco!\" \/>\n<meta property=\"og:url\" content=\"https:\/\/orbitaeducacao.com.br\/\" \/>\n<meta property=\"og:site_name\" content=\"Orbita Educa\u00e7\u00e3o\" \/>\n<meta property=\"article:modified_time\" content=\"2024-02-14T18:46:32+00:00\" \/>\n<meta property=\"og:image\" content=\"https:\/\/orbitaeducacao.com.br\/wp-content\/uploads\/2024\/02\/orbita-logo.webp\" \/>\n\t<meta property=\"og:image:width\" content=\"885\" \/>\n\t<meta property=\"og:image:height\" content=\"590\" \/>\n\t<meta property=\"og:image:type\" content=\"image\/webp\" \/>\n<meta name=\"twitter:card\" content=\"summary_large_image\" \/>\n<meta name=\"twitter:title\" content=\"Orbita Educa\u00e7\u00e3o - Inova\u00e7\u00e3o em Curso\" \/>\n<meta name=\"twitter:image\" content=\"https:\/\/orbitaeducacao.com.br\/wp-content\/uploads\/2024\/02\/orbita-logo.webp\" \/>\n<meta name=\"twitter:label1\" content=\"Est. tempo de leitura\" \/>\n\t<meta name=\"twitter:data1\" content=\"1 minuto\" \/>\n<script type=\"application\/ld+json\" class=\"yoast-schema-graph\">{\"@context\":\"https:\\\/\\\/schema.org\",\"@graph\":[{\"@type\":\"WebPage\",\"@id\":\"https:\\\/\\\/orbitaeducacao.com.br\\\/\",\"url\":\"https:\\\/\\\/orbitaeducacao.com.br\\\/\",\"name\":\"Orbita Educa\u00e7\u00e3o - Inova\u00e7\u00e3o em Curso\",\"isPartOf\":{\"@id\":\"https:\\\/\\\/orbitaeducacao.com.br\\\/#website\"},\"primaryImageOfPage\":{\"@id\":\"https:\\\/\\\/orbitaeducacao.com.br\\\/#primaryimage\"},\"image\":{\"@id\":\"https:\\\/\\\/orbitaeducacao.com.br\\\/#primaryimage\"},\"thumbnailUrl\":\"https:\\\/\\\/orbitaeducacao.com.br\\\/wp-content\\\/uploads\\\/2024\\\/02\\\/orbita-logo.webp\",\"datePublished\":\"2024-02-14T18:06:01+00:00\",\"dateModified\":\"2024-02-14T18:46:32+00:00\",\"breadcrumb\":{\"@id\":\"https:\\\/\\\/orbitaeducacao.com.br\\\/#breadcrumb\"},\"inLanguage\":\"pt-BR\",\"potentialAction\":[{\"@type\":\"ReadAction\",\"target\":[\"https:\\\/\\\/orbitaeducacao.com.br\\\/\"]}]},{\"@type\":\"ImageObject\",\"inLanguage\":\"pt-BR\",\"@id\":\"https:\\\/\\\/orbitaeducacao.com.br\\\/#primaryimage\",\"url\":\"https:\\\/\\\/orbitaeducacao.com.br\\\/wp-content\\\/uploads\\\/2024\\\/02\\\/orbita-logo.webp\",\"contentUrl\":\"https:\\\/\\\/orbitaeducacao.com.br\\\/wp-content\\\/uploads\\\/2024\\\/02\\\/orbita-logo.webp\",\"width\":885,\"height\":590},{\"@type\":\"BreadcrumbList\",\"@id\":\"https:\\\/\\\/orbitaeducacao.com.br\\\/#breadcrumb\",\"itemListElement\":[{\"@type\":\"ListItem\",\"position\":1,\"name\":\"In\u00edcio\",\"item\":\"https:\\\/\\\/orbitaeducacao.com.br\\\/\"},{\"@type\":\"ListItem\",\"position\":2,\"name\":\"Obrita Educa\u00e7\u00e3o &#8211; Inova\u00e7\u00e3o em Curso\"}]},{\"@type\":\"WebSite\",\"@id\":\"https:\\\/\\\/orbitaeducacao.com.br\\\/#website\",\"url\":\"https:\\\/\\\/orbitaeducacao.com.br\\\/\",\"name\":\"Orbita Educa\u00e7\u00e3o\",\"description\":\"Inova\u00e7\u00e3o em Curso\",\"potentialAction\":[{\"@type\":\"SearchAction\",\"target\":{\"@type\":\"EntryPoint\",\"urlTemplate\":\"https:\\\/\\\/orbitaeducacao.com.br\\\/?s={search_term_string}\"},\"query-input\":{\"@type\":\"PropertyValueSpecification\",\"valueRequired\":true,\"valueName\":\"search_term_string\"}}],\"inLanguage\":\"pt-BR\"}]}<\/script>\n<!-- \/ Yoast SEO plugin. -->","yoast_head_json":{"title":"Orbita Educa\u00e7\u00e3o - Inova\u00e7\u00e3o em Curso","robots":{"index":"noindex","follow":"follow","max-snippet":"max-snippet:-1","max-image-preview":"max-image-preview:large","max-video-preview":"max-video-preview:-1"},"og_locale":"pt_BR","og_type":"article","og_title":"Orbita Educa\u00e7\u00e3o - Inova\u00e7\u00e3o em Curso","og_description":"Entre em contato conosco!","og_url":"https:\/\/orbitaeducacao.com.br\/","og_site_name":"Orbita Educa\u00e7\u00e3o","article_modified_time":"2024-02-14T18:46:32+00:00","og_image":[{"width":885,"height":590,"url":"https:\/\/orbitaeducacao.com.br\/wp-content\/uploads\/2024\/02\/orbita-logo.webp","type":"image\/webp"}],"twitter_card":"summary_large_image","twitter_title":"Orbita Educa\u00e7\u00e3o - Inova\u00e7\u00e3o em Curso","twitter_image":"https:\/\/orbitaeducacao.com.br\/wp-content\/uploads\/2024\/02\/orbita-logo.webp","twitter_misc":{"Est. tempo de leitura":"1 minuto"},"schema":{"@context":"https:\/\/schema.org","@graph":[{"@type":"WebPage","@id":"https:\/\/orbitaeducacao.com.br\/","url":"https:\/\/orbitaeducacao.com.br\/","name":"Orbita Educa\u00e7\u00e3o - Inova\u00e7\u00e3o em Curso","isPartOf":{"@id":"https:\/\/orbitaeducacao.com.br\/#website"},"primaryImageOfPage":{"@id":"https:\/\/orbitaeducacao.com.br\/#primaryimage"},"image":{"@id":"https:\/\/orbitaeducacao.com.br\/#primaryimage"},"thumbnailUrl":"https:\/\/orbitaeducacao.com.br\/wp-content\/uploads\/2024\/02\/orbita-logo.webp","datePublished":"2024-02-14T18:06:01+00:00","dateModified":"2024-02-14T18:46:32+00:00","breadcrumb":{"@id":"https:\/\/orbitaeducacao.com.br\/#breadcrumb"},"inLanguage":"pt-BR","potentialAction":[{"@type":"ReadAction","target":["https:\/\/orbitaeducacao.com.br\/"]}]},{"@type":"ImageObject","inLanguage":"pt-BR","@id":"https:\/\/orbitaeducacao.com.br\/#primaryimage","url":"https:\/\/orbitaeducacao.com.br\/wp-content\/uploads\/2024\/02\/orbita-logo.webp","contentUrl":"https:\/\/orbitaeducacao.com.br\/wp-content\/uploads\/2024\/02\/orbita-logo.webp","width":885,"height":590},{"@type":"BreadcrumbList","@id":"https:\/\/orbitaeducacao.com.br\/#breadcrumb","itemListElement":[{"@type":"ListItem","position":1,"name":"In\u00edcio","item":"https:\/\/orbitaeducacao.com.br\/"},{"@type":"ListItem","position":2,"name":"Obrita Educa\u00e7\u00e3o &#8211; Inova\u00e7\u00e3o em Curso"}]},{"@type":"WebSite","@id":"https:\/\/orbitaeducacao.com.br\/#website","url":"https:\/\/orbitaeducacao.com.br\/","name":"Orbita Educa\u00e7\u00e3o","description":"Inova\u00e7\u00e3o em Curso","potentialAction":[{"@type":"SearchAction","target":{"@type":"EntryPoint","urlTemplate":"https:\/\/orbitaeducacao.com.br\/?s={search_term_string}"},"query-input":{"@type":"PropertyValueSpecification","valueRequired":true,"valueName":"search_term_string"}}],"inLanguage":"pt-BR"}]}},"_links":{"self":[{"href":"https:\/\/orbitaeducacao.com.br\/index.php\/wp-json\/wp\/v2\/pages\/13","targetHints":{"allow":["GET"]}}],"collection":[{"href":"https:\/\/orbitaeducacao.com.br\/index.php\/wp-json\/wp\/v2\/pages"}],"about":[{"href":"https:\/\/orbitaeducacao.com.br\/index.php\/wp-json\/wp\/v2\/types\/page"}],"author":[{"embeddable":true,"href":"https:\/\/orbitaeducacao.com.br\/index.php\/wp-json\/wp\/v2\/users\/1"}],"replies":[{"embeddable":true,"href":"https:\/\/orbitaeducacao.com.br\/index.php\/wp-json\/wp\/v2\/comments?post=13"}],"version-history":[{"count":21,"href":"https:\/\/orbitaeducacao.com.br\/index.php\/wp-json\/wp\/v2\/pages\/13\/revisions"}],"predecessor-version":[{"id":49,"href":"https:\/\/orbitaeducacao.com.br\/index.php\/wp-json\/wp\/v2\/pages\/13\/revisions\/49"}],"wp:attachment":[{"href":"https:\/\/orbitaeducacao.com.br\/index.php\/wp-json\/wp\/v2\/media?parent=13"}],"curies":[{"name":"wp","href":"https:\/\/api.w.org\/{rel}","templated":true}]}}